{"id":301,"date":"2020-08-21T16:09:12","date_gmt":"2020-08-21T14:09:12","guid":{"rendered":"http:\/\/test.flowering-dogwoods.de\/wp\/?page_id=301"},"modified":"2020-08-22T23:58:28","modified_gmt":"2020-08-22T21:58:28","slug":"pruefungen","status":"publish","type":"page","link":"http:\/\/flowering-dogwoods.de\/wp\/pruefungen\/","title":{"rendered":"Pr\u00fcfungen"},"content":{"rendered":"\n<p><span style=\"color:#938293\" class=\"has-inline-color\">EMMA<\/span><\/p>\n\n\n\n<figure class=\"wp-block-gallery alignwide columns-2 is-cropped\"><ul class=\"blocks-gallery-grid\"><li class=\"blocks-gallery-item\"><figure><img loading=\"lazy\" width=\"1024\" height=\"683\" src=\"http:\/\/test.flowering-dogwoods.de\/wp\/wp-content\/uploads\/2020\/08\/Flowering-Dogwoods-All-About-Emma-mit-Kaninchen-1024x683.jpg\" alt=\"\" data-id=\"340\" data-full-url=\"http:\/\/test.flowering-dogwoods.de\/wp\/wp-content\/uploads\/2020\/08\/Flowering-Dogwoods-All-About-Emma-mit-Kaninchen-scaled.jpg\" data-link=\"http:\/\/test.flowering-dogwoods.de\/wp\/flowering-dogwoods-all-about-emma-mit-kaninchen\/\" class=\"wp-image-340\" srcset=\"http:\/\/flowering-dogwoods.de\/wp\/wp-content\/uploads\/2020\/08\/Flowering-Dogwoods-All-About-Emma-mit-Kaninchen-1024x683.jpg 1024w, http:\/\/flowering-dogwoods.de\/wp\/wp-content\/uploads\/2020\/08\/Flowering-Dogwoods-All-About-Emma-mit-Kaninchen-300x200.jpg 300w, http:\/\/flowering-dogwoods.de\/wp\/wp-content\/uploads\/2020\/08\/Flowering-Dogwoods-All-About-Emma-mit-Kaninchen-768x512.jpg 768w, http:\/\/flowering-dogwoods.de\/wp\/wp-content\/uploads\/2020\/08\/Flowering-Dogwoods-All-About-Emma-mit-Kaninchen-1536x1024.jpg 1536w, http:\/\/flowering-dogwoods.de\/wp\/wp-content\/uploads\/2020\/08\/Flowering-Dogwoods-All-About-Emma-mit-Kaninchen-2048x1365.jpg 2048w, http:\/\/flowering-dogwoods.de\/wp\/wp-content\/uploads\/2020\/08\/Flowering-Dogwoods-All-About-Emma-mit-Kaninchen-90x60.jpg 90w\" sizes=\"(max-width: 1024px) 100vw, 1024px\" \/><\/figure><\/li><li class=\"blocks-gallery-item\"><figure><img loading=\"lazy\" width=\"1024\" height=\"683\" src=\"http:\/\/test.flowering-dogwoods.de\/wp\/wp-content\/uploads\/2020\/08\/WSG_5DS3020_01May2019-2-1024x683.jpg\" alt=\"\" data-id=\"415\" data-full-url=\"http:\/\/test.flowering-dogwoods.de\/wp\/wp-content\/uploads\/2020\/08\/WSG_5DS3020_01May2019-2.jpg\" data-link=\"http:\/\/test.flowering-dogwoods.de\/wp\/nikon-12\/\" class=\"wp-image-415\" srcset=\"http:\/\/flowering-dogwoods.de\/wp\/wp-content\/uploads\/2020\/08\/WSG_5DS3020_01May2019-2-1024x683.jpg 1024w, http:\/\/flowering-dogwoods.de\/wp\/wp-content\/uploads\/2020\/08\/WSG_5DS3020_01May2019-2-300x200.jpg 300w, http:\/\/flowering-dogwoods.de\/wp\/wp-content\/uploads\/2020\/08\/WSG_5DS3020_01May2019-2-768x512.jpg 768w, http:\/\/flowering-dogwoods.de\/wp\/wp-content\/uploads\/2020\/08\/WSG_5DS3020_01May2019-2-90x60.jpg 90w, http:\/\/flowering-dogwoods.de\/wp\/wp-content\/uploads\/2020\/08\/WSG_5DS3020_01May2019-2.jpg 1200w\" sizes=\"(max-width: 1024px) 100vw, 1024px\" \/><\/figure><\/li><\/ul><\/figure>\n\n\n\n<figure class=\"wp-block-table aligncenter is-style-stripes\"><table class=\"has-fixed-layout\"><thead><tr><th><span style=\"color:#938293\" class=\"has-inline-color\">Datum<\/span><\/th><th><span style=\"color:#938293\" class=\"has-inline-color\">Pr\u00fcfung<\/span><\/th><th class=\"has-text-align-center\" data-align=\"center\"><span style=\"color:#938293\" class=\"has-inline-color\">Punkte<\/span><\/th><\/tr><\/thead><tbody><tr><td>21.09.2013<\/td><td>JP\/R (Jugendpr\u00fcfung f\u00fcr Retriever) <\/td><td class=\"has-text-align-center\" data-align=\"center\">256<\/td><\/tr><tr><td>25.08.2013<\/td><td>JEP\/s (Brauchbarkeitspr\u00fcfung Karbach)<\/td><td class=\"has-text-align-center\" data-align=\"center\">best.<\/td><\/tr><tr><td>20.10.2013<\/td><td>Langeschleppenpr\u00fcfung  800m Karbach<\/td><td class=\"has-text-align-center\" data-align=\"center\">best.<\/td><\/tr><tr><td>30.03.2014<\/td><td>WT-A Rheingau-Trophy Wiesbaden<\/td><td class=\"has-text-align-center\" data-align=\"center\">90\/120<\/td><\/tr><tr><td>09.04.2014<\/td><td>APD A-Ingersau<\/td><td class=\"has-text-align-center\" data-align=\"center\">67<\/td><\/tr><tr><td>29.06.2014<\/td><td>WT-A &#8211; Augsburg<\/td><td class=\"has-text-align-center\" data-align=\"center\">96\/120<\/td><\/tr><tr><td>17.08.2014<\/td><td>WT-A &#8211; Am Ewigen Eis-Dornburg<\/td><td class=\"has-text-align-center\" data-align=\"center\">95\/120<\/td><\/tr><tr><td>21.09.2014<\/td><td>BLP (Bringleistungspr\u00fcfung f\u00fcr Retriever)<\/td><td class=\"has-text-align-center\" data-align=\"center\">361<\/td><\/tr><tr><td>18.04.2015<\/td><td>WT-A- Blaues L\u00e4ndchen-Eschbach<\/td><td class=\"has-text-align-center\" data-align=\"center\">98\/120<\/td><\/tr><tr><td>21.06.2015<\/td><td>LCD WT-A Work &amp; Show Gro\u00dfheubach<\/td><td class=\"has-text-align-center\" data-align=\"center\">88\/100<\/td><\/tr><tr><td>25.10.2015<\/td><td>WT-A RemsMurrCup<\/td><td class=\"has-text-align-center\" data-align=\"center\">99\/120<\/td><\/tr><tr><td>2018<\/td><td>Pr\u00fcfung zum Malteser Besuchshund<\/td><td class=\"has-text-align-center\" data-align=\"center\">best.<\/td><\/tr><\/tbody><\/table><\/figure>\n\n\n\n<figure class=\"wp-block-gallery aligncenter columns-1 is-cropped\"><ul class=\"blocks-gallery-grid\"><li class=\"blocks-gallery-item\"><figure><img loading=\"lazy\" width=\"1024\" height=\"683\" src=\"http:\/\/test.flowering-dogwoods.de\/wp\/wp-content\/uploads\/2020\/08\/emma-3839-1024x683.jpg\" alt=\"\" data-id=\"339\" data-full-url=\"http:\/\/test.flowering-dogwoods.de\/wp\/wp-content\/uploads\/2020\/08\/emma-3839-scaled.jpg\" data-link=\"http:\/\/test.flowering-dogwoods.de\/wp\/emma-3839\/\" class=\"wp-image-339\" srcset=\"http:\/\/flowering-dogwoods.de\/wp\/wp-content\/uploads\/2020\/08\/emma-3839-1024x683.jpg 1024w, http:\/\/flowering-dogwoods.de\/wp\/wp-content\/uploads\/2020\/08\/emma-3839-300x200.jpg 300w, http:\/\/flowering-dogwoods.de\/wp\/wp-content\/uploads\/2020\/08\/emma-3839-768x512.jpg 768w, http:\/\/flowering-dogwoods.de\/wp\/wp-content\/uploads\/2020\/08\/emma-3839-1536x1024.jpg 1536w, http:\/\/flowering-dogwoods.de\/wp\/wp-content\/uploads\/2020\/08\/emma-3839-2048x1365.jpg 2048w, http:\/\/flowering-dogwoods.de\/wp\/wp-content\/uploads\/2020\/08\/emma-3839-90x60.jpg 90w\" sizes=\"(max-width: 1024px) 100vw, 1024px\" \/><figcaption class=\"blocks-gallery-item__caption\">Foto Mich\u00e9le Baumann<\/figcaption><\/figure><\/li><\/ul><\/figure>\n","protected":false},"excerpt":{"rendered":"<p>EMMA Datum Pr\u00fcfung Punkte 21.09.2013 JP\/R (Jugendpr\u00fcfung f\u00fcr Retriever) 256 25.08.2013 JEP\/s (Brauchbarkeitspr\u00fcfung Karbach) best. 20.10.2013 Langeschleppenpr\u00fcfung 800m Karbach best. 30.03.2014 WT-A Rheingau-Trophy Wiesbaden 90\/120 09.04.2014 APD A-Ingersau 67 29.06.2014 WT-A &#8211; Augsburg 96\/120 17.08.2014 WT-A &#8211; Am Ewigen Eis-Dornburg 95\/120 21.09.2014 BLP (Bringleistungspr\u00fcfung f\u00fcr Retriever) 361 18.04.2015 WT-A- Blaues L\u00e4ndchen-Eschbach 98\/120 21.06.2015 LCD WT-A &hellip; <\/p>\n","protected":false},"author":1,"featured_media":551,"parent":0,"menu_order":0,"comment_status":"closed","ping_status":"closed","template":"","meta":[],"_links":{"self":[{"href":"http:\/\/flowering-dogwoods.de\/wp\/wp-json\/wp\/v2\/pages\/301"}],"collection":[{"href":"http:\/\/flowering-dogwoods.de\/wp\/wp-json\/wp\/v2\/pages"}],"about":[{"href":"http:\/\/flowering-dogwoods.de\/wp\/wp-json\/wp\/v2\/types\/page"}],"author":[{"embeddable":true,"href":"http:\/\/flowering-dogwoods.de\/wp\/wp-json\/wp\/v2\/users\/1"}],"replies":[{"embeddable":true,"href":"http:\/\/flowering-dogwoods.de\/wp\/wp-json\/wp\/v2\/comments?post=301"}],"version-history":[{"count":8,"href":"http:\/\/flowering-dogwoods.de\/wp\/wp-json\/wp\/v2\/pages\/301\/revisions"}],"predecessor-version":[{"id":499,"href":"http:\/\/flowering-dogwoods.de\/wp\/wp-json\/wp\/v2\/pages\/301\/revisions\/499"}],"wp:featuredmedia":[{"embeddable":true,"href":"http:\/\/flowering-dogwoods.de\/wp\/wp-json\/wp\/v2\/media\/551"}],"wp:attachment":[{"href":"http:\/\/flowering-dogwoods.de\/wp\/wp-json\/wp\/v2\/media?parent=301"}],"curies":[{"name":"wp","href":"https:\/\/api.w.org\/{rel}","templated":true}]}}